{"id":4113,"date":"2025-09-30T12:20:32","date_gmt":"2025-09-30T12:20:32","guid":{"rendered":"https:\/\/alexandrezouari.fr\/?page_id=4113"},"modified":"2025-09-30T13:43:28","modified_gmt":"2025-09-30T13:43:28","slug":"blush-magazine","status":"publish","type":"page","link":"https:\/\/alexandrezouari.fr\/en\/blush-magazine\/","title":{"rendered":"BLUSH MAGAZINE"},"content":{"rendered":"<div data-elementor-type=\"wp-page\" data-elementor-id=\"4113\" class=\"elementor elementor-4113\" data-elementor-post-type=\"page\">\n\t\t\t\t<div class=\"elementor-element elementor-element-1e4e6ff e-flex e-con-boxed e-con e-parent\" data-id=\"1e4e6ff\" data-element_type=\"container\" data-e-type=\"container\">\n\t\t\t\t\t<div class=\"e-con-inner\">\n\t\t\t\t<div class=\"elementor-element elementor-element-ab54b01 elementor-widget elementor-widget-spacer\" data-id=\"ab54b01\" data-element_type=\"widget\" data-e-type=\"widget\" data-widget_type=\"spacer.default\">\n\t\t\t\t<div class=\"elementor-widget-container\">\n\t\t\t\t\t\t\t<div class=\"elementor-spacer\">\n\t\t\t<div class=\"elementor-spacer-inner\"><\/div>\n\t\t<\/div>\n\t\t\t\t\t\t<\/div>\n\t\t\t\t<\/div>\n\t\t\t\t<div class=\"elementor-element elementor-element-1d7c52e elementor-widget elementor-widget-heading\" data-id=\"1d7c52e\" data-element_type=\"widget\" data-e-type=\"widget\" data-widget_type=\"heading.default\">\n\t\t\t\t<div class=\"elementor-widget-container\">\n\t\t\t\t\t<h4 class=\"elementor-heading-title elementor-size-default\">creation - 7 numbers<\/h4>\t\t\t\t<\/div>\n\t\t\t\t<\/div>\n\t\t\t\t<div class=\"elementor-element elementor-element-b21f1a8 elementor-widget-divider--view-line elementor-widget elementor-widget-divider\" data-id=\"b21f1a8\" data-element_type=\"widget\" data-e-type=\"widget\" data-widget_type=\"divider.default\">\n\t\t\t\t<div class=\"elementor-widget-container\">\n\t\t\t\t\t\t\t<div class=\"elementor-divider\">\n\t\t\t<span class=\"elementor-divider-separator\">\n\t\t\t\t\t\t<\/span>\n\t\t<\/div>\n\t\t\t\t\t\t<\/div>\n\t\t\t\t<\/div>\n\t\t\t\t<div class=\"elementor-element elementor-element-633cbb1 elementor-widget elementor-widget-heading\" data-id=\"633cbb1\" data-element_type=\"widget\" data-e-type=\"widget\" data-widget_type=\"heading.default\">\n\t\t\t\t<div class=\"elementor-widget-container\">\n\t\t\t\t\t<h2 class=\"elementor-heading-title elementor-size-default\">blush<br>\nmagazine<br>\n<\/h2>\t\t\t\t<\/div>\n\t\t\t\t<\/div>\n\t\t\t\t<div class=\"elementor-element elementor-element-f1c9179 elementor-widget elementor-widget-heading\" data-id=\"f1c9179\" data-element_type=\"widget\" data-e-type=\"widget\" data-widget_type=\"heading.default\">\n\t\t\t\t<div class=\"elementor-widget-container\">\n\t\t\t\t\t<h4 class=\"elementor-heading-title elementor-size-default\">by<\/h4>\t\t\t\t<\/div>\n\t\t\t\t<\/div>\n\t\t\t\t<div class=\"elementor-element elementor-element-02dc603 elementor-widget elementor-widget-heading\" data-id=\"02dc603\" data-element_type=\"widget\" data-e-type=\"widget\" data-widget_type=\"heading.default\">\n\t\t\t\t<div class=\"elementor-widget-container\">\n\t\t\t\t\t<h4 class=\"elementor-heading-title elementor-size-default\">ALEXANDRE ZOUARI<\/h4>\t\t\t\t<\/div>\n\t\t\t\t<\/div>\n\t\t\t\t\t<\/div>\n\t\t\t\t<\/div>\n\t\t<div class=\"elementor-element elementor-element-45e92ad e-con-full e-flex e-con e-parent\" data-id=\"45e92ad\" data-element_type=\"container\" data-e-type=\"container\">\n\t\t\t\t<div class=\"elementor-element elementor-element-ad10cf8 elementor-widget elementor-widget-text-editor\" data-id=\"ad10cf8\" data-element_type=\"widget\" data-e-type=\"widget\" data-widget_type=\"text-editor.default\">\n\t\t\t\t<div class=\"elementor-widget-container\">\n\t\t\t\t\t\t\t\t\t<p>What is Blush by Alexandre Zouari? 7 legendary issues of a magazine created by Alexandre Zouari and his team. A benchmark in the world of fashion, luxury, and beauty. How was it defined? Blush is an elitist magazine, stylish, of course, but above all, with a soul. It brings together all the codes of luxury fashion: ultra-stylish and avant-garde vintage; sexy Amazons, writers, decorators and trendy designers, shopping... Blush deciphers talent and trends from the four corners of the world.<\/p>\t\t\t\t\t\t\t\t<\/div>\n\t\t\t\t<\/div>\n\t\t\t\t<div class=\"elementor-element elementor-element-c82cf95 elementor-widget elementor-widget-spacer\" data-id=\"c82cf95\" data-element_type=\"widget\" data-e-type=\"widget\" data-widget_type=\"spacer.default\">\n\t\t\t\t<div class=\"elementor-widget-container\">\n\t\t\t\t\t\t\t<div class=\"elementor-spacer\">\n\t\t\t<div class=\"elementor-spacer-inner\"><\/div>\n\t\t<\/div>\n\t\t\t\t\t\t<\/div>\n\t\t\t\t<\/div>\n\t\t<div class=\"elementor-element elementor-element-26e1097 e-grid e-con-boxed e-con e-child\" data-id=\"26e1097\" data-element_type=\"container\" data-e-type=\"container\">\n\t\t\t\t\t<div class=\"e-con-inner\">\n\t\t\t\t<div class=\"elementor-element elementor-element-9fc6635 elementor-widget elementor-widget-image\" data-id=\"9fc6635\" data-element_type=\"widget\" data-e-type=\"widget\" data-widget_type=\"image.default\">\n\t\t\t\t<div class=\"elementor-widget-container\">\n\t\t\t\t\t\t\t\t\t\t\t\t\t\t\t\t<a href=\"https:\/\/issuu.com\/cyrilmontegu\/docs\/blush1\">\n\t\t\t\t\t\t\t<img fetchpriority=\"high\" decoding=\"async\" width=\"760\" height=\"1024\" src=\"https:\/\/alexandrezouari.fr\/wp-content\/uploads\/2024\/06\/Capture-decran-2024-04-07-a-21.53.07-760x1024.png\" class=\"attachment-large size-large wp-image-1342\" alt=\"Alexandre Zouari\" srcset=\"https:\/\/alexandrezouari.fr\/wp-content\/uploads\/2024\/06\/Capture-decran-2024-04-07-a-21.53.07-760x1024.png 760w, https:\/\/alexandrezouari.fr\/wp-content\/uploads\/2024\/06\/Capture-decran-2024-04-07-a-21.53.07-223x300.png 223w, https:\/\/alexandrezouari.fr\/wp-content\/uploads\/2024\/06\/Capture-decran-2024-04-07-a-21.53.07-768x1035.png 768w, https:\/\/alexandrezouari.fr\/wp-content\/uploads\/2024\/06\/Capture-decran-2024-04-07-a-21.53.07.png 828w\" sizes=\"(max-width: 760px) 100vw, 760px\" \/>\t\t\t\t\t\t\t\t<\/a>\n\t\t\t\t\t\t\t\t\t\t\t\t\t\t\t<\/div>\n\t\t\t\t<\/div>\n\t\t\t\t<div class=\"elementor-element elementor-element-362c4e2 elementor-widget elementor-widget-image\" data-id=\"362c4e2\" data-element_type=\"widget\" data-e-type=\"widget\" data-widget_type=\"image.default\">\n\t\t\t\t<div class=\"elementor-widget-container\">\n\t\t\t\t\t\t\t\t\t\t\t\t\t\t\t\t<a href=\"https:\/\/issuu.com\/cyrilmontegu\/docs\/blush2\">\n\t\t\t\t\t\t\t<img decoding=\"async\" width=\"757\" height=\"1024\" src=\"https:\/\/alexandrezouari.fr\/wp-content\/uploads\/2024\/06\/Capture-decran-2024-06-03-a-22.08.26-757x1024.png\" class=\"attachment-large size-large wp-image-1359\" alt=\"Alexandre Zouari\" srcset=\"https:\/\/alexandrezouari.fr\/wp-content\/uploads\/2024\/06\/Capture-decran-2024-06-03-a-22.08.26-757x1024.png 757w, https:\/\/alexandrezouari.fr\/wp-content\/uploads\/2024\/06\/Capture-decran-2024-06-03-a-22.08.26-222x300.png 222w, https:\/\/alexandrezouari.fr\/wp-content\/uploads\/2024\/06\/Capture-decran-2024-06-03-a-22.08.26-768x1039.png 768w, https:\/\/alexandrezouari.fr\/wp-content\/uploads\/2024\/06\/Capture-decran-2024-06-03-a-22.08.26.png 1032w\" sizes=\"(max-width: 757px) 100vw, 757px\" \/>\t\t\t\t\t\t\t\t<\/a>\n\t\t\t\t\t\t\t\t\t\t\t\t\t\t\t<\/div>\n\t\t\t\t<\/div>\n\t\t\t\t<div class=\"elementor-element elementor-element-45659ac elementor-widget elementor-widget-image\" data-id=\"45659ac\" data-element_type=\"widget\" data-e-type=\"widget\" data-widget_type=\"image.default\">\n\t\t\t\t<div class=\"elementor-widget-container\">\n\t\t\t\t\t\t\t\t\t\t\t\t\t\t\t\t<a href=\"https:\/\/issuu.com\/cyrilmontegu\/docs\/blush3\">\n\t\t\t\t\t\t\t<img decoding=\"async\" width=\"759\" height=\"1024\" src=\"https:\/\/alexandrezouari.fr\/wp-content\/uploads\/2024\/06\/Capture-decran-2024-04-07-a-21.52.54-759x1024.png\" class=\"attachment-large size-large wp-image-1357\" alt=\"Alexandre Zouari\" srcset=\"https:\/\/alexandrezouari.fr\/wp-content\/uploads\/2024\/06\/Capture-decran-2024-04-07-a-21.52.54-759x1024.png 759w, https:\/\/alexandrezouari.fr\/wp-content\/uploads\/2024\/06\/Capture-decran-2024-04-07-a-21.52.54-222x300.png 222w, https:\/\/alexandrezouari.fr\/wp-content\/uploads\/2024\/06\/Capture-decran-2024-04-07-a-21.52.54-768x1036.png 768w, https:\/\/alexandrezouari.fr\/wp-content\/uploads\/2024\/06\/Capture-decran-2024-04-07-a-21.52.54.png 830w\" sizes=\"(max-width: 759px) 100vw, 759px\" \/>\t\t\t\t\t\t\t\t<\/a>\n\t\t\t\t\t\t\t\t\t\t\t\t\t\t\t<\/div>\n\t\t\t\t<\/div>\n\t\t\t\t<div class=\"elementor-element elementor-element-0010ab7 elementor-widget elementor-widget-image\" data-id=\"0010ab7\" data-element_type=\"widget\" data-e-type=\"widget\" data-widget_type=\"image.default\">\n\t\t\t\t<div class=\"elementor-widget-container\">\n\t\t\t\t\t\t\t\t\t\t\t\t\t\t\t\t<a href=\"https:\/\/issuu.com\/cyrilmontegu\/docs\/blush4\">\n\t\t\t\t\t\t\t<img loading=\"lazy\" decoding=\"async\" width=\"757\" height=\"1024\" src=\"https:\/\/alexandrezouari.fr\/wp-content\/uploads\/2024\/06\/Capture-decran-2024-04-07-a-21.52.39-757x1024.png\" class=\"attachment-large size-large wp-image-1358\" alt=\"Alexandre Zouari\" srcset=\"https:\/\/alexandrezouari.fr\/wp-content\/uploads\/2024\/06\/Capture-decran-2024-04-07-a-21.52.39-757x1024.png 757w, https:\/\/alexandrezouari.fr\/wp-content\/uploads\/2024\/06\/Capture-decran-2024-04-07-a-21.52.39-222x300.png 222w, https:\/\/alexandrezouari.fr\/wp-content\/uploads\/2024\/06\/Capture-decran-2024-04-07-a-21.52.39-768x1039.png 768w, https:\/\/alexandrezouari.fr\/wp-content\/uploads\/2024\/06\/Capture-decran-2024-04-07-a-21.52.39.png 828w\" sizes=\"(max-width: 757px) 100vw, 757px\" \/>\t\t\t\t\t\t\t\t<\/a>\n\t\t\t\t\t\t\t\t\t\t\t\t\t\t\t<\/div>\n\t\t\t\t<\/div>\n\t\t\t\t<div class=\"elementor-element elementor-element-fa5a579 elementor-widget elementor-widget-image\" data-id=\"fa5a579\" data-element_type=\"widget\" data-e-type=\"widget\" data-widget_type=\"image.default\">\n\t\t\t\t<div class=\"elementor-widget-container\">\n\t\t\t\t\t\t\t\t\t\t\t\t\t\t\t\t<a href=\"https:\/\/issuu.com\/cyrilmontegu\/docs\/blush5\">\n\t\t\t\t\t\t\t<img loading=\"lazy\" decoding=\"async\" width=\"760\" height=\"1024\" src=\"https:\/\/alexandrezouari.fr\/wp-content\/uploads\/2024\/06\/Capture-decran-2024-06-03-a-22.09.49-760x1024.png\" class=\"attachment-large size-large wp-image-1360\" alt=\"Alexandre Zouari\" srcset=\"https:\/\/alexandrezouari.fr\/wp-content\/uploads\/2024\/06\/Capture-decran-2024-06-03-a-22.09.49-760x1024.png 760w, https:\/\/alexandrezouari.fr\/wp-content\/uploads\/2024\/06\/Capture-decran-2024-06-03-a-22.09.49-223x300.png 223w, https:\/\/alexandrezouari.fr\/wp-content\/uploads\/2024\/06\/Capture-decran-2024-06-03-a-22.09.49-768x1034.png 768w, https:\/\/alexandrezouari.fr\/wp-content\/uploads\/2024\/06\/Capture-decran-2024-06-03-a-22.09.49.png 1032w\" sizes=\"(max-width: 760px) 100vw, 760px\" \/>\t\t\t\t\t\t\t\t<\/a>\n\t\t\t\t\t\t\t\t\t\t\t\t\t\t\t<\/div>\n\t\t\t\t<\/div>\n\t\t\t\t<div class=\"elementor-element elementor-element-a340e98 elementor-widget elementor-widget-image\" data-id=\"a340e98\" data-element_type=\"widget\" data-e-type=\"widget\" data-widget_type=\"image.default\">\n\t\t\t\t<div class=\"elementor-widget-container\">\n\t\t\t\t\t\t\t\t\t\t\t\t\t\t\t\t<a href=\"https:\/\/issuu.com\/cyrilmontegu\/docs\/blush6\">\n\t\t\t\t\t\t\t<img loading=\"lazy\" decoding=\"async\" width=\"758\" height=\"1024\" src=\"https:\/\/alexandrezouari.fr\/wp-content\/uploads\/2024\/06\/Capture-decran-2024-06-03-a-22.10.30-758x1024.png\" class=\"attachment-large size-large wp-image-1361\" alt=\"Alexandre Zouari\" srcset=\"https:\/\/alexandrezouari.fr\/wp-content\/uploads\/2024\/06\/Capture-decran-2024-06-03-a-22.10.30-758x1024.png 758w, https:\/\/alexandrezouari.fr\/wp-content\/uploads\/2024\/06\/Capture-decran-2024-06-03-a-22.10.30-222x300.png 222w, https:\/\/alexandrezouari.fr\/wp-content\/uploads\/2024\/06\/Capture-decran-2024-06-03-a-22.10.30-768x1037.png 768w, https:\/\/alexandrezouari.fr\/wp-content\/uploads\/2024\/06\/Capture-decran-2024-06-03-a-22.10.30.png 1034w\" sizes=\"(max-width: 758px) 100vw, 758px\" \/>\t\t\t\t\t\t\t\t<\/a>\n\t\t\t\t\t\t\t\t\t\t\t\t\t\t\t<\/div>\n\t\t\t\t<\/div>\n\t\t\t\t<div class=\"elementor-element elementor-element-31a4776 elementor-widget elementor-widget-image\" data-id=\"31a4776\" data-element_type=\"widget\" data-e-type=\"widget\" data-widget_type=\"image.default\">\n\t\t\t\t<div class=\"elementor-widget-container\">\n\t\t\t\t\t\t\t\t\t\t\t\t\t\t\t\t<a href=\"https:\/\/issuu.com\/cyrilmontegu\/docs\/blush7\">\n\t\t\t\t\t\t\t<img loading=\"lazy\" decoding=\"async\" width=\"759\" height=\"1024\" src=\"https:\/\/alexandrezouari.fr\/wp-content\/uploads\/2024\/06\/Capture-decran-2024-06-03-a-22.11.10-759x1024.png\" class=\"attachment-large size-large wp-image-1362\" alt=\"Alexandre Zouari\" srcset=\"https:\/\/alexandrezouari.fr\/wp-content\/uploads\/2024\/06\/Capture-decran-2024-06-03-a-22.11.10-759x1024.png 759w, https:\/\/alexandrezouari.fr\/wp-content\/uploads\/2024\/06\/Capture-decran-2024-06-03-a-22.11.10-222x300.png 222w, https:\/\/alexandrezouari.fr\/wp-content\/uploads\/2024\/06\/Capture-decran-2024-06-03-a-22.11.10-768x1036.png 768w, https:\/\/alexandrezouari.fr\/wp-content\/uploads\/2024\/06\/Capture-decran-2024-06-03-a-22.11.10.png 1032w\" sizes=\"(max-width: 759px) 100vw, 759px\" \/>\t\t\t\t\t\t\t\t<\/a>\n\t\t\t\t\t\t\t\t\t\t\t\t\t\t\t<\/div>\n\t\t\t\t<\/div>\n\t\t\t\t\t<\/div>\n\t\t\t\t<\/div>\n\t\t\t\t<\/div>\n\t\t\t\t<\/div>","protected":false},"excerpt":{"rendered":"<p>cr\u00e9ation &#8211; 7 num\u00e9ros blush magazine by ALEXANDRE ZOUARI Qu&rsquo;est-ce que Blush par Alexandre Zouari\u00a0? 7 num\u00e9ros mythiques d&rsquo;un magazine cr\u00e9\u00e9 par Alexandre Zouari et son \u00e9quipe. Une r\u00e9f\u00e9rence dans le monde de la mode, du luxe et de la beaut\u00e9. Comment l&rsquo;a-t-on d\u00e9fini\u00a0? Blush est un magazine \u00e9litiste, styl\u00e9 certes, mais surtout dot\u00e9 d&rsquo;une [&hellip;]<\/p>\n","protected":false},"author":1,"featured_media":0,"parent":0,"menu_order":0,"comment_status":"closed","ping_status":"closed","template":"","meta":{"footnotes":""},"class_list":["post-4113","page","type-page","status-publish","hentry"],"yoast_head":"<!-- This site is optimized with the Yoast SEO plugin v27.5 - https:\/\/yoast.com\/product\/yoast-seo-wordpress\/ -->\n<title>BLUSH MAGAZINE - Alexandre Zouari<\/title>\n<meta name=\"robots\" content=\"index, follow, max-snippet:-1, max-image-preview:large, max-video-preview:-1\" \/>\n<link rel=\"canonical\" href=\"https:\/\/alexandrezouari.fr\/en\/blush-magazine\/\" \/>\n<meta property=\"og:locale\" content=\"en_US\" \/>\n<meta property=\"og:type\" content=\"article\" \/>\n<meta property=\"og:title\" content=\"BLUSH MAGAZINE - Alexandre Zouari\" \/>\n<meta property=\"og:description\" content=\"cr\u00e9ation &#8211; 7 num\u00e9ros blush magazine by ALEXANDRE ZOUARI Qu&rsquo;est-ce que Blush par Alexandre Zouari\u00a0? 7 num\u00e9ros mythiques d&rsquo;un magazine cr\u00e9\u00e9 par Alexandre Zouari et son \u00e9quipe. Une r\u00e9f\u00e9rence dans le monde de la mode, du luxe et de la beaut\u00e9. Comment l&rsquo;a-t-on d\u00e9fini\u00a0? Blush est un magazine \u00e9litiste, styl\u00e9 certes, mais surtout dot\u00e9 d&rsquo;une [&hellip;]\" \/>\n<meta property=\"og:url\" content=\"https:\/\/alexandrezouari.fr\/en\/blush-magazine\/\" \/>\n<meta property=\"og:site_name\" content=\"Alexandre Zouari\" \/>\n<meta property=\"article:publisher\" content=\"https:\/\/www.facebook.com\/p\/Alexandre-Zouari-100081828037377\/\" \/>\n<meta property=\"article:modified_time\" content=\"2025-09-30T13:43:28+00:00\" \/>\n<meta property=\"og:image\" content=\"https:\/\/alexandrezouari.fr\/wp-content\/uploads\/2024\/06\/Capture-decran-2024-04-07-a-21.53.07.png\" \/>\n\t<meta property=\"og:image:width\" content=\"828\" \/>\n\t<meta property=\"og:image:height\" content=\"1116\" \/>\n\t<meta property=\"og:image:type\" content=\"image\/png\" \/>\n<meta name=\"twitter:card\" content=\"summary_large_image\" \/>\n<meta name=\"twitter:label1\" content=\"Est. reading time\" \/>\n\t<meta name=\"twitter:data1\" content=\"2 minutes\" \/>\n<script type=\"application\/ld+json\" class=\"yoast-schema-graph\">{\"@context\":\"https:\\\/\\\/schema.org\",\"@graph\":[{\"@type\":\"WebPage\",\"@id\":\"https:\\\/\\\/alexandrezouari.fr\\\/blush-magazine\\\/\",\"url\":\"https:\\\/\\\/alexandrezouari.fr\\\/blush-magazine\\\/\",\"name\":\"BLUSH MAGAZINE - Alexandre Zouari\",\"isPartOf\":{\"@id\":\"https:\\\/\\\/alexandrezouari.fr\\\/#website\"},\"primaryImageOfPage\":{\"@id\":\"https:\\\/\\\/alexandrezouari.fr\\\/blush-magazine\\\/#primaryimage\"},\"image\":{\"@id\":\"https:\\\/\\\/alexandrezouari.fr\\\/blush-magazine\\\/#primaryimage\"},\"thumbnailUrl\":\"https:\\\/\\\/alexandrezouari.fr\\\/wp-content\\\/uploads\\\/2024\\\/06\\\/Capture-decran-2024-04-07-a-21.53.07-760x1024.png\",\"datePublished\":\"2025-09-30T12:20:32+00:00\",\"dateModified\":\"2025-09-30T13:43:28+00:00\",\"breadcrumb\":{\"@id\":\"https:\\\/\\\/alexandrezouari.fr\\\/blush-magazine\\\/#breadcrumb\"},\"inLanguage\":\"en-US\",\"potentialAction\":[{\"@type\":\"ReadAction\",\"target\":[\"https:\\\/\\\/alexandrezouari.fr\\\/blush-magazine\\\/\"]}]},{\"@type\":\"ImageObject\",\"inLanguage\":\"en-US\",\"@id\":\"https:\\\/\\\/alexandrezouari.fr\\\/blush-magazine\\\/#primaryimage\",\"url\":\"https:\\\/\\\/alexandrezouari.fr\\\/wp-content\\\/uploads\\\/2024\\\/06\\\/Capture-decran-2024-04-07-a-21.53.07-760x1024.png\",\"contentUrl\":\"https:\\\/\\\/alexandrezouari.fr\\\/wp-content\\\/uploads\\\/2024\\\/06\\\/Capture-decran-2024-04-07-a-21.53.07-760x1024.png\"},{\"@type\":\"BreadcrumbList\",\"@id\":\"https:\\\/\\\/alexandrezouari.fr\\\/blush-magazine\\\/#breadcrumb\",\"itemListElement\":[{\"@type\":\"ListItem\",\"position\":1,\"name\":\"Home\",\"item\":\"https:\\\/\\\/alexandrezouari.fr\\\/\"},{\"@type\":\"ListItem\",\"position\":2,\"name\":\"BLUSH MAGAZINE\"}]},{\"@type\":\"WebSite\",\"@id\":\"https:\\\/\\\/alexandrezouari.fr\\\/#website\",\"url\":\"https:\\\/\\\/alexandrezouari.fr\\\/\",\"name\":\"Alexandre Zouari\",\"description\":\"Cr&eacute;ateur et Coiffeur de prestige\",\"publisher\":{\"@id\":\"https:\\\/\\\/alexandrezouari.fr\\\/#\\\/schema\\\/person\\\/b3fb58bfae08dade54f7730e9ad05a76\"},\"potentialAction\":[{\"@type\":\"SearchAction\",\"target\":{\"@type\":\"EntryPoint\",\"urlTemplate\":\"https:\\\/\\\/alexandrezouari.fr\\\/?s={search_term_string}\"},\"query-input\":{\"@type\":\"PropertyValueSpecification\",\"valueRequired\":true,\"valueName\":\"search_term_string\"}}],\"inLanguage\":\"en-US\"},{\"@type\":[\"Person\",\"Organization\"],\"@id\":\"https:\\\/\\\/alexandrezouari.fr\\\/#\\\/schema\\\/person\\\/b3fb58bfae08dade54f7730e9ad05a76\",\"name\":\"Alexandre Zouari\",\"image\":{\"@type\":\"ImageObject\",\"inLanguage\":\"en-US\",\"@id\":\"https:\\\/\\\/alexandrezouari.fr\\\/wp-content\\\/uploads\\\/2024\\\/05\\\/AZ-Logo.jpg\",\"url\":\"https:\\\/\\\/alexandrezouari.fr\\\/wp-content\\\/uploads\\\/2024\\\/05\\\/AZ-Logo.jpg\",\"contentUrl\":\"https:\\\/\\\/alexandrezouari.fr\\\/wp-content\\\/uploads\\\/2024\\\/05\\\/AZ-Logo.jpg\",\"width\":1359,\"height\":413,\"caption\":\"Alexandre Zouari\"},\"logo\":{\"@id\":\"https:\\\/\\\/alexandrezouari.fr\\\/wp-content\\\/uploads\\\/2024\\\/05\\\/AZ-Logo.jpg\"},\"sameAs\":[\"https:\\\/\\\/alexandrezouari.fr\",\"https:\\\/\\\/www.facebook.com\\\/p\\\/Alexandre-Zouari-100081828037377\\\/\",\"https:\\\/\\\/www.instagram.com\\\/zouarialexandre\\\/\"]}]}<\/script>\n<!-- \/ Yoast SEO plugin. -->","yoast_head_json":{"title":"BLUSH MAGAZINE - Alexandre Zouari","robots":{"index":"index","follow":"follow","max-snippet":"max-snippet:-1","max-image-preview":"max-image-preview:large","max-video-preview":"max-video-preview:-1"},"canonical":"https:\/\/alexandrezouari.fr\/en\/blush-magazine\/","og_locale":"en_US","og_type":"article","og_title":"BLUSH MAGAZINE - Alexandre Zouari","og_description":"cr\u00e9ation &#8211; 7 num\u00e9ros blush magazine by ALEXANDRE ZOUARI Qu&rsquo;est-ce que Blush par Alexandre Zouari\u00a0? 7 num\u00e9ros mythiques d&rsquo;un magazine cr\u00e9\u00e9 par Alexandre Zouari et son \u00e9quipe. Une r\u00e9f\u00e9rence dans le monde de la mode, du luxe et de la beaut\u00e9. Comment l&rsquo;a-t-on d\u00e9fini\u00a0? Blush est un magazine \u00e9litiste, styl\u00e9 certes, mais surtout dot\u00e9 d&rsquo;une [&hellip;]","og_url":"https:\/\/alexandrezouari.fr\/en\/blush-magazine\/","og_site_name":"Alexandre Zouari","article_publisher":"https:\/\/www.facebook.com\/p\/Alexandre-Zouari-100081828037377\/","article_modified_time":"2025-09-30T13:43:28+00:00","og_image":[{"width":828,"height":1116,"url":"https:\/\/alexandrezouari.fr\/wp-content\/uploads\/2024\/06\/Capture-decran-2024-04-07-a-21.53.07.png","type":"image\/png"}],"twitter_card":"summary_large_image","twitter_misc":{"Est. reading time":"2 minutes"},"schema":{"@context":"https:\/\/schema.org","@graph":[{"@type":"WebPage","@id":"https:\/\/alexandrezouari.fr\/blush-magazine\/","url":"https:\/\/alexandrezouari.fr\/blush-magazine\/","name":"BLUSH MAGAZINE - Alexandre Zouari","isPartOf":{"@id":"https:\/\/alexandrezouari.fr\/#website"},"primaryImageOfPage":{"@id":"https:\/\/alexandrezouari.fr\/blush-magazine\/#primaryimage"},"image":{"@id":"https:\/\/alexandrezouari.fr\/blush-magazine\/#primaryimage"},"thumbnailUrl":"https:\/\/alexandrezouari.fr\/wp-content\/uploads\/2024\/06\/Capture-decran-2024-04-07-a-21.53.07-760x1024.png","datePublished":"2025-09-30T12:20:32+00:00","dateModified":"2025-09-30T13:43:28+00:00","breadcrumb":{"@id":"https:\/\/alexandrezouari.fr\/blush-magazine\/#breadcrumb"},"inLanguage":"en-US","potentialAction":[{"@type":"ReadAction","target":["https:\/\/alexandrezouari.fr\/blush-magazine\/"]}]},{"@type":"ImageObject","inLanguage":"en-US","@id":"https:\/\/alexandrezouari.fr\/blush-magazine\/#primaryimage","url":"https:\/\/alexandrezouari.fr\/wp-content\/uploads\/2024\/06\/Capture-decran-2024-04-07-a-21.53.07-760x1024.png","contentUrl":"https:\/\/alexandrezouari.fr\/wp-content\/uploads\/2024\/06\/Capture-decran-2024-04-07-a-21.53.07-760x1024.png"},{"@type":"BreadcrumbList","@id":"https:\/\/alexandrezouari.fr\/blush-magazine\/#breadcrumb","itemListElement":[{"@type":"ListItem","position":1,"name":"Home","item":"https:\/\/alexandrezouari.fr\/"},{"@type":"ListItem","position":2,"name":"BLUSH MAGAZINE"}]},{"@type":"WebSite","@id":"https:\/\/alexandrezouari.fr\/#website","url":"https:\/\/alexandrezouari.fr\/","name":"Alexandre Zouari","description":"Cr&eacute;ateur et Coiffeur de prestige","publisher":{"@id":"https:\/\/alexandrezouari.fr\/#\/schema\/person\/b3fb58bfae08dade54f7730e9ad05a76"},"potentialAction":[{"@type":"SearchAction","target":{"@type":"EntryPoint","urlTemplate":"https:\/\/alexandrezouari.fr\/?s={search_term_string}"},"query-input":{"@type":"PropertyValueSpecification","valueRequired":true,"valueName":"search_term_string"}}],"inLanguage":"en-US"},{"@type":["Person","Organization"],"@id":"https:\/\/alexandrezouari.fr\/#\/schema\/person\/b3fb58bfae08dade54f7730e9ad05a76","name":"Alexandre Zouari","image":{"@type":"ImageObject","inLanguage":"en-US","@id":"https:\/\/alexandrezouari.fr\/wp-content\/uploads\/2024\/05\/AZ-Logo.jpg","url":"https:\/\/alexandrezouari.fr\/wp-content\/uploads\/2024\/05\/AZ-Logo.jpg","contentUrl":"https:\/\/alexandrezouari.fr\/wp-content\/uploads\/2024\/05\/AZ-Logo.jpg","width":1359,"height":413,"caption":"Alexandre Zouari"},"logo":{"@id":"https:\/\/alexandrezouari.fr\/wp-content\/uploads\/2024\/05\/AZ-Logo.jpg"},"sameAs":["https:\/\/alexandrezouari.fr","https:\/\/www.facebook.com\/p\/Alexandre-Zouari-100081828037377\/","https:\/\/www.instagram.com\/zouarialexandre\/"]}]}},"_links":{"self":[{"href":"https:\/\/alexandrezouari.fr\/en\/wp-json\/wp\/v2\/pages\/4113","targetHints":{"allow":["GET"]}}],"collection":[{"href":"https:\/\/alexandrezouari.fr\/en\/wp-json\/wp\/v2\/pages"}],"about":[{"href":"https:\/\/alexandrezouari.fr\/en\/wp-json\/wp\/v2\/types\/page"}],"author":[{"embeddable":true,"href":"https:\/\/alexandrezouari.fr\/en\/wp-json\/wp\/v2\/users\/1"}],"replies":[{"embeddable":true,"href":"https:\/\/alexandrezouari.fr\/en\/wp-json\/wp\/v2\/comments?post=4113"}],"version-history":[{"count":7,"href":"https:\/\/alexandrezouari.fr\/en\/wp-json\/wp\/v2\/pages\/4113\/revisions"}],"predecessor-version":[{"id":4144,"href":"https:\/\/alexandrezouari.fr\/en\/wp-json\/wp\/v2\/pages\/4113\/revisions\/4144"}],"wp:attachment":[{"href":"https:\/\/alexandrezouari.fr\/en\/wp-json\/wp\/v2\/media?parent=4113"}],"curies":[{"name":"wp","href":"https:\/\/api.w.org\/{rel}","templated":true}]}}