{"id":1409,"date":"2024-06-03T22:00:57","date_gmt":"2024-06-03T22:00:57","guid":{"rendered":"https:\/\/alexandrezouari.fr\/?page_id=1409"},"modified":"2024-07-30T20:32:54","modified_gmt":"2024-07-30T20:32:54","slug":"contact","status":"publish","type":"page","link":"https:\/\/alexandrezouari.fr\/en\/contact\/","title":{"rendered":"CONTACT"},"content":{"rendered":"\t\t<div data-elementor-type=\"wp-page\" data-elementor-id=\"1409\" class=\"elementor elementor-1409\" data-elementor-post-type=\"page\">\n\t\t\t\t<div class=\"elementor-element elementor-element-12e1f86 e-grid e-con-boxed e-con e-parent\" data-id=\"12e1f86\" data-element_type=\"container\" data-e-type=\"container\">\n\t\t\t\t\t<div class=\"e-con-inner\">\n\t\t<div class=\"elementor-element elementor-element-8ca05ca e-con-full e-flex e-con e-child\" data-id=\"8ca05ca\" data-element_type=\"container\" data-e-type=\"container\">\n\t\t\t\t<div class=\"elementor-element elementor-element-26b63d5f elementor-widget elementor-widget-heading\" data-id=\"26b63d5f\" data-element_type=\"widget\" data-e-type=\"widget\" data-widget_type=\"heading.default\">\n\t\t\t\t<div class=\"elementor-widget-container\">\n\t\t\t\t\t<h4 class=\"elementor-heading-title elementor-size-default\">formulaire de contact<\/h4>\t\t\t\t<\/div>\n\t\t\t\t<\/div>\n\t\t\t\t<div class=\"elementor-element elementor-element-146b7ae1 elementor-widget-divider--view-line elementor-widget elementor-widget-divider\" data-id=\"146b7ae1\" data-element_type=\"widget\" data-e-type=\"widget\" data-widget_type=\"divider.default\">\n\t\t\t\t<div class=\"elementor-widget-container\">\n\t\t\t\t\t\t\t<div class=\"elementor-divider\">\n\t\t\t<span class=\"elementor-divider-separator\">\n\t\t\t\t\t\t<\/span>\n\t\t<\/div>\n\t\t\t\t\t\t<\/div>\n\t\t\t\t<\/div>\n\t\t\t\t<div class=\"elementor-element elementor-element-4a6cd20 elementor-widget elementor-widget-heading\" data-id=\"4a6cd20\" data-element_type=\"widget\" data-e-type=\"widget\" data-widget_type=\"heading.default\">\n\t\t\t\t<div class=\"elementor-widget-container\">\n\t\t\t\t\t<h2 class=\"elementor-heading-title elementor-size-default\">prestations<br>\ncollaborations<br>\nwork<br><\/h2>\t\t\t\t<\/div>\n\t\t\t\t<\/div>\n\t\t\t\t<div class=\"elementor-element elementor-element-7b70516 elementor-widget elementor-widget-heading\" data-id=\"7b70516\" data-element_type=\"widget\" data-e-type=\"widget\" data-widget_type=\"heading.default\">\n\t\t\t\t<div class=\"elementor-widget-container\">\n\t\t\t\t\t<h4 class=\"elementor-heading-title elementor-size-default\">avec<\/h4>\t\t\t\t<\/div>\n\t\t\t\t<\/div>\n\t\t\t\t<div class=\"elementor-element elementor-element-4e955af3 elementor-widget elementor-widget-heading\" data-id=\"4e955af3\" data-element_type=\"widget\" data-e-type=\"widget\" data-widget_type=\"heading.default\">\n\t\t\t\t<div class=\"elementor-widget-container\">\n\t\t\t\t\t<h4 class=\"elementor-heading-title elementor-size-default\">ALEXANDRE ZOUARI<\/h4>\t\t\t\t<\/div>\n\t\t\t\t<\/div>\n\t\t\t\t<div class=\"elementor-element elementor-element-53e43a2 elementor-widget__width-initial elementor-widget elementor-widget-text-editor\" data-id=\"53e43a2\" data-element_type=\"widget\" data-e-type=\"widget\" data-widget_type=\"text-editor.default\">\n\t\t\t\t<div class=\"elementor-widget-container\">\n\t\t\t\t\t\t\t\t\tPour r\u00e9server une exp\u00e9rience compl\u00e8te et exceptionnelle avec Alexandre Zouari, veuillez envoyer votre demande de contact, de\ncollaboration ou votre votre r\u00eave le plus incroyable ici. Alexandre Zouari et toute sont \u00e9quipe feront tout ce qui est en leur pouvoir pour\nl&rsquo;exaucer.\t\t\t\t\t\t\t\t<\/div>\n\t\t\t\t<\/div>\n\t\t\t\t<\/div>\n\t\t\t\t<div class=\"elementor-element elementor-element-77c77ca elementor-widget__width-auto elementor-button-align-stretch elementor-widget elementor-widget-form\" data-id=\"77c77ca\" data-element_type=\"widget\" data-e-type=\"widget\" data-settings=\"{&quot;step_next_label&quot;:&quot;Suivant&quot;,&quot;step_previous_label&quot;:&quot;Pr\\u00e9c\\u00e9dent&quot;,&quot;button_width&quot;:&quot;100&quot;,&quot;step_type&quot;:&quot;number_text&quot;,&quot;step_icon_shape&quot;:&quot;circle&quot;}\" data-widget_type=\"form.default\">\n\t\t\t\t<div class=\"elementor-widget-container\">\n\t\t\t\t\t\t\t<form class=\"elementor-form\" method=\"post\" name=\"formulaire de contact\" aria-label=\"formulaire de contact\">\n\t\t\t<input type=\"hidden\" name=\"post_id\" value=\"1409\"\/>\n\t\t\t<input type=\"hidden\" name=\"form_id\" value=\"77c77ca\"\/>\n\t\t\t<input type=\"hidden\" name=\"referer_title\" value=\"CONTACT - Alexandre Zouari\" \/>\n\n\t\t\t\t\t\t\t<input type=\"hidden\" name=\"queried_id\" value=\"1409\"\/>\n\t\t\t\n\t\t\t<div class=\"elementor-form-fields-wrapper elementor-labels-above\">\n\t\t\t\t\t\t\t\t<div class=\"elementor-field-type-select elementor-field-group elementor-column elementor-field-group-name elementor-col-100\">\n\t\t\t\t\t\t\t\t\t\t\t\t<label for=\"form-field-name\" class=\"elementor-field-label\">\n\t\t\t\t\t\t\t\tcivilit\u00e9\t\t\t\t\t\t\t<\/label>\n\t\t\t\t\t\t\t\t<div class=\"elementor-field elementor-select-wrapper remove-before \">\n\t\t\t<div class=\"select-caret-down-wrapper\">\n\t\t\t\t<svg aria-hidden=\"true\" class=\"e-font-icon-svg e-eicon-caret-down\" viewBox=\"0 0 571.4 571.4\" xmlns=\"http:\/\/www.w3.org\/2000\/svg\"><path d=\"M571 393Q571 407 561 418L311 668Q300 679 286 679T261 668L11 418Q0 407 0 393T11 368 36 357H536Q550 357 561 368T571 393Z\"><\/path><\/svg>\t\t\t<\/div>\n\t\t\t<select name=\"form_fields[name]\" id=\"form-field-name\" class=\"elementor-field-textual elementor-size-sm\">\n\t\t\t\t\t\t\t\t\t<option value=\"&nbsp;\">&nbsp;<\/option>\n\t\t\t\t\t\t\t\t\t<option value=\"Mme\">Mme<\/option>\n\t\t\t\t\t\t\t\t\t<option value=\"M.\">M.<\/option>\n\t\t\t\t\t\t\t\t\t<option value=\"Miss\">Miss<\/option>\n\t\t\t\t\t\t\t\t\t<option value=\"Mx\">Mx<\/option>\n\t\t\t\t\t\t\t\t\t<option value=\"Je ne pr\u00e9f\u00e8re pas r\u00e9pondre\">Je ne pr\u00e9f\u00e8re pas r\u00e9pondre<\/option>\n\t\t\t\t\t\t\t<\/select>\n\t\t<\/div>\n\t\t\t\t\t\t<\/div>\n\t\t\t\t\t\t\t\t<div class=\"elementor-field-type-text elementor-field-group elementor-column elementor-field-group-field_59f93fd elementor-col-100\">\n\t\t\t\t\t\t\t\t\t\t\t\t<label for=\"form-field-field_59f93fd\" class=\"elementor-field-label\">\n\t\t\t\t\t\t\t\tpr\u00e9nom\t\t\t\t\t\t\t<\/label>\n\t\t\t\t\t\t\t\t\t\t\t\t\t\t<input size=\"1\" type=\"text\" name=\"form_fields[field_59f93fd]\" id=\"form-field-field_59f93fd\" class=\"elementor-field elementor-size-sm  elementor-field-textual\">\n\t\t\t\t\t\t\t\t\t\t\t<\/div>\n\t\t\t\t\t\t\t\t<div class=\"elementor-field-type-text elementor-field-group elementor-column elementor-field-group-field_a86b270 elementor-col-100\">\n\t\t\t\t\t\t\t\t\t\t\t\t<label for=\"form-field-field_a86b270\" class=\"elementor-field-label\">\n\t\t\t\t\t\t\t\tNom\t\t\t\t\t\t\t<\/label>\n\t\t\t\t\t\t\t\t\t\t\t\t\t\t<input size=\"1\" type=\"text\" name=\"form_fields[field_a86b270]\" id=\"form-field-field_a86b270\" class=\"elementor-field elementor-size-sm  elementor-field-textual\">\n\t\t\t\t\t\t\t\t\t\t\t<\/div>\n\t\t\t\t\t\t\t\t<div class=\"elementor-field-type-email elementor-field-group elementor-column elementor-field-group-email elementor-col-100 elementor-field-required\">\n\t\t\t\t\t\t\t\t\t\t\t\t<label for=\"form-field-email\" class=\"elementor-field-label\">\n\t\t\t\t\t\t\t\tE-mail\t\t\t\t\t\t\t<\/label>\n\t\t\t\t\t\t\t\t\t\t\t\t\t\t<input size=\"1\" type=\"email\" name=\"form_fields[email]\" id=\"form-field-email\" class=\"elementor-field elementor-size-sm  elementor-field-textual\" required=\"required\">\n\t\t\t\t\t\t\t\t\t\t\t<\/div>\n\t\t\t\t\t\t\t\t<div class=\"elementor-field-type-select elementor-field-group elementor-column elementor-field-group-field_d23d4e5 elementor-col-100 elementor-field-required\">\n\t\t\t\t\t\t\t\t\t\t\t\t<label for=\"form-field-field_d23d4e5\" class=\"elementor-field-label\">\n\t\t\t\t\t\t\t\tS\u00e9lectionner le motif de contact\t\t\t\t\t\t\t<\/label>\n\t\t\t\t\t\t\t\t<div class=\"elementor-field elementor-select-wrapper remove-before \">\n\t\t\t<div class=\"select-caret-down-wrapper\">\n\t\t\t\t<svg aria-hidden=\"true\" class=\"e-font-icon-svg e-eicon-caret-down\" viewBox=\"0 0 571.4 571.4\" xmlns=\"http:\/\/www.w3.org\/2000\/svg\"><path d=\"M571 393Q571 407 561 418L311 668Q300 679 286 679T261 668L11 418Q0 407 0 393T11 368 36 357H536Q550 357 561 368T571 393Z\"><\/path><\/svg>\t\t\t<\/div>\n\t\t\t<select name=\"form_fields[field_d23d4e5]\" id=\"form-field-field_d23d4e5\" class=\"elementor-field-textual elementor-size-sm\" required=\"required\">\n\t\t\t\t\t\t\t\t\t<option value=\"Coiffure sur mesure\">Coiffure sur mesure<\/option>\n\t\t\t\t\t\t\t\t\t<option value=\"Collaboration\">Collaboration<\/option>\n\t\t\t\t\t\t\t\t\t<option value=\"Demande d&#039;informations\">Demande d&#039;informations<\/option>\n\t\t\t\t\t\t\t\t\t<option value=\"\"><\/option>\n\t\t\t\t\t\t\t<\/select>\n\t\t<\/div>\n\t\t\t\t\t\t<\/div>\n\t\t\t\t\t\t\t\t<div class=\"elementor-field-type-date elementor-field-group elementor-column elementor-field-group-field_69834ec elementor-col-100\">\n\t\t\t\t\t\t\t\t\t\t\t\t<label for=\"form-field-field_69834ec\" class=\"elementor-field-label\">\n\t\t\t\t\t\t\t\tDate d\u00e9sir\u00e9e\t\t\t\t\t\t\t<\/label>\n\t\t\t\t\t\t\n\t\t<input type=\"date\" name=\"form_fields[field_69834ec]\" id=\"form-field-field_69834ec\" class=\"elementor-field elementor-size-sm  elementor-field-textual elementor-date-field\" placeholder=\"05\/05\/2025\" pattern=\"[0-9]{4}-[0-9]{2}-[0-9]{2}\">\n\t\t\t\t\t\t<\/div>\n\t\t\t\t\t\t\t\t<div class=\"elementor-field-type-textarea elementor-field-group elementor-column elementor-field-group-message elementor-col-100\">\n\t\t\t\t\t\t\t\t\t\t\t\t<label for=\"form-field-message\" class=\"elementor-field-label\">\n\t\t\t\t\t\t\t\tMessage\t\t\t\t\t\t\t<\/label>\n\t\t\t\t\t\t<textarea class=\"elementor-field-textual elementor-field  elementor-size-sm\" name=\"form_fields[message]\" id=\"form-field-message\" rows=\"4\"><\/textarea>\t\t\t\t<\/div>\n\t\t\t\t\t\t\t\t<div class=\"elementor-field-group elementor-column elementor-field-type-submit elementor-col-100 e-form__buttons\">\n\t\t\t\t\t<button class=\"elementor-button elementor-size-sm\" type=\"submit\">\n\t\t\t\t\t\t<span class=\"elementor-button-content-wrapper\">\n\t\t\t\t\t\t\t\t\t\t\t\t\t\t\t\t\t\t\t\t\t\t<span class=\"elementor-button-text\">Envoyer<\/span>\n\t\t\t\t\t\t\t\t\t\t\t\t\t<\/span>\n\t\t\t\t\t<\/button>\n\t\t\t\t<\/div>\n\t\t\t<\/div>\n\t\t<\/form>\n\t\t\t\t\t\t<\/div>\n\t\t\t\t<\/div>\n\t\t\t\t\t<\/div>\n\t\t\t\t<\/div>\n\t\t\t\t<\/div>\n\t\t","protected":false},"excerpt":{"rendered":"<p>formulaire de contact prestations collaborations work avec ALEXANDRE ZOUARI Pour r\u00e9server une exp\u00e9rience compl\u00e8te et exceptionnelle avec Alexandre Zouari, veuillez envoyer votre demande de contact, de collaboration ou votre votre r\u00eave le plus incroyable ici. Alexandre Zouari et toute sont \u00e9quipe feront tout ce qui est en leur pouvoir pour l&rsquo;exaucer.<\/p>","protected":false},"author":1,"featured_media":0,"parent":0,"menu_order":0,"comment_status":"closed","ping_status":"closed","template":"","meta":{"footnotes":""},"class_list":["post-1409","page","type-page","status-publish","hentry"],"yoast_head":"<!-- This site is optimized with the Yoast SEO plugin v27.5 - https:\/\/yoast.com\/product\/yoast-seo-wordpress\/ -->\n<title>CONTACT - Alexandre Zouari<\/title>\n<meta name=\"robots\" content=\"index, follow, max-snippet:-1, max-image-preview:large, max-video-preview:-1\" \/>\n<link rel=\"canonical\" href=\"https:\/\/alexandrezouari.fr\/en\/contact\/\" \/>\n<meta property=\"og:locale\" content=\"en_US\" \/>\n<meta property=\"og:type\" content=\"article\" \/>\n<meta property=\"og:title\" content=\"CONTACT - Alexandre Zouari\" \/>\n<meta property=\"og:description\" content=\"formulaire de contact prestations collaborations work avec ALEXANDRE ZOUARI Pour r\u00e9server une exp\u00e9rience compl\u00e8te et exceptionnelle avec Alexandre Zouari, veuillez envoyer votre demande de contact, de collaboration ou votre votre r\u00eave le plus incroyable ici. Alexandre Zouari et toute sont \u00e9quipe feront tout ce qui est en leur pouvoir pour l&rsquo;exaucer.\" \/>\n<meta property=\"og:url\" content=\"https:\/\/alexandrezouari.fr\/en\/contact\/\" \/>\n<meta property=\"og:site_name\" content=\"Alexandre Zouari\" \/>\n<meta property=\"article:publisher\" content=\"https:\/\/www.facebook.com\/p\/Alexandre-Zouari-100081828037377\/\" \/>\n<meta property=\"article:modified_time\" content=\"2024-07-30T20:32:54+00:00\" \/>\n<meta name=\"twitter:card\" content=\"summary_large_image\" \/>\n<meta name=\"twitter:label1\" content=\"Est. reading time\" \/>\n\t<meta name=\"twitter:data1\" content=\"1 minute\" \/>\n<script type=\"application\/ld+json\" class=\"yoast-schema-graph\">{\"@context\":\"https:\\\/\\\/schema.org\",\"@graph\":[{\"@type\":\"WebPage\",\"@id\":\"https:\\\/\\\/alexandrezouari.fr\\\/contact\\\/\",\"url\":\"https:\\\/\\\/alexandrezouari.fr\\\/contact\\\/\",\"name\":\"CONTACT - Alexandre Zouari\",\"isPartOf\":{\"@id\":\"https:\\\/\\\/alexandrezouari.fr\\\/#website\"},\"datePublished\":\"2024-06-03T22:00:57+00:00\",\"dateModified\":\"2024-07-30T20:32:54+00:00\",\"breadcrumb\":{\"@id\":\"https:\\\/\\\/alexandrezouari.fr\\\/contact\\\/#breadcrumb\"},\"inLanguage\":\"en-US\",\"potentialAction\":[{\"@type\":\"ReadAction\",\"target\":[\"https:\\\/\\\/alexandrezouari.fr\\\/contact\\\/\"]}]},{\"@type\":\"BreadcrumbList\",\"@id\":\"https:\\\/\\\/alexandrezouari.fr\\\/contact\\\/#breadcrumb\",\"itemListElement\":[{\"@type\":\"ListItem\",\"position\":1,\"name\":\"Home\",\"item\":\"https:\\\/\\\/alexandrezouari.fr\\\/\"},{\"@type\":\"ListItem\",\"position\":2,\"name\":\"CONTACT\"}]},{\"@type\":\"WebSite\",\"@id\":\"https:\\\/\\\/alexandrezouari.fr\\\/#website\",\"url\":\"https:\\\/\\\/alexandrezouari.fr\\\/\",\"name\":\"Alexandre Zouari\",\"description\":\"Cr&eacute;ateur et Coiffeur de prestige\",\"publisher\":{\"@id\":\"https:\\\/\\\/alexandrezouari.fr\\\/#\\\/schema\\\/person\\\/b3fb58bfae08dade54f7730e9ad05a76\"},\"potentialAction\":[{\"@type\":\"SearchAction\",\"target\":{\"@type\":\"EntryPoint\",\"urlTemplate\":\"https:\\\/\\\/alexandrezouari.fr\\\/?s={search_term_string}\"},\"query-input\":{\"@type\":\"PropertyValueSpecification\",\"valueRequired\":true,\"valueName\":\"search_term_string\"}}],\"inLanguage\":\"en-US\"},{\"@type\":[\"Person\",\"Organization\"],\"@id\":\"https:\\\/\\\/alexandrezouari.fr\\\/#\\\/schema\\\/person\\\/b3fb58bfae08dade54f7730e9ad05a76\",\"name\":\"Alexandre Zouari\",\"image\":{\"@type\":\"ImageObject\",\"inLanguage\":\"en-US\",\"@id\":\"https:\\\/\\\/alexandrezouari.fr\\\/wp-content\\\/uploads\\\/2024\\\/05\\\/AZ-Logo.jpg\",\"url\":\"https:\\\/\\\/alexandrezouari.fr\\\/wp-content\\\/uploads\\\/2024\\\/05\\\/AZ-Logo.jpg\",\"contentUrl\":\"https:\\\/\\\/alexandrezouari.fr\\\/wp-content\\\/uploads\\\/2024\\\/05\\\/AZ-Logo.jpg\",\"width\":1359,\"height\":413,\"caption\":\"Alexandre Zouari\"},\"logo\":{\"@id\":\"https:\\\/\\\/alexandrezouari.fr\\\/wp-content\\\/uploads\\\/2024\\\/05\\\/AZ-Logo.jpg\"},\"sameAs\":[\"https:\\\/\\\/alexandrezouari.fr\",\"https:\\\/\\\/www.facebook.com\\\/p\\\/Alexandre-Zouari-100081828037377\\\/\",\"https:\\\/\\\/www.instagram.com\\\/zouarialexandre\\\/\"]}]}<\/script>\n<!-- \/ Yoast SEO plugin. -->","yoast_head_json":{"title":"CONTACT - Alexandre Zouari","robots":{"index":"index","follow":"follow","max-snippet":"max-snippet:-1","max-image-preview":"max-image-preview:large","max-video-preview":"max-video-preview:-1"},"canonical":"https:\/\/alexandrezouari.fr\/en\/contact\/","og_locale":"en_US","og_type":"article","og_title":"CONTACT - Alexandre Zouari","og_description":"formulaire de contact prestations collaborations work avec ALEXANDRE ZOUARI Pour r\u00e9server une exp\u00e9rience compl\u00e8te et exceptionnelle avec Alexandre Zouari, veuillez envoyer votre demande de contact, de collaboration ou votre votre r\u00eave le plus incroyable ici. Alexandre Zouari et toute sont \u00e9quipe feront tout ce qui est en leur pouvoir pour l&rsquo;exaucer.","og_url":"https:\/\/alexandrezouari.fr\/en\/contact\/","og_site_name":"Alexandre Zouari","article_publisher":"https:\/\/www.facebook.com\/p\/Alexandre-Zouari-100081828037377\/","article_modified_time":"2024-07-30T20:32:54+00:00","twitter_card":"summary_large_image","twitter_misc":{"Est. reading time":"1 minute"},"schema":{"@context":"https:\/\/schema.org","@graph":[{"@type":"WebPage","@id":"https:\/\/alexandrezouari.fr\/contact\/","url":"https:\/\/alexandrezouari.fr\/contact\/","name":"CONTACT - Alexandre Zouari","isPartOf":{"@id":"https:\/\/alexandrezouari.fr\/#website"},"datePublished":"2024-06-03T22:00:57+00:00","dateModified":"2024-07-30T20:32:54+00:00","breadcrumb":{"@id":"https:\/\/alexandrezouari.fr\/contact\/#breadcrumb"},"inLanguage":"en-US","potentialAction":[{"@type":"ReadAction","target":["https:\/\/alexandrezouari.fr\/contact\/"]}]},{"@type":"BreadcrumbList","@id":"https:\/\/alexandrezouari.fr\/contact\/#breadcrumb","itemListElement":[{"@type":"ListItem","position":1,"name":"Home","item":"https:\/\/alexandrezouari.fr\/"},{"@type":"ListItem","position":2,"name":"CONTACT"}]},{"@type":"WebSite","@id":"https:\/\/alexandrezouari.fr\/#website","url":"https:\/\/alexandrezouari.fr\/","name":"Alexandre Zouari","description":"Cr&eacute;ateur et Coiffeur de prestige","publisher":{"@id":"https:\/\/alexandrezouari.fr\/#\/schema\/person\/b3fb58bfae08dade54f7730e9ad05a76"},"potentialAction":[{"@type":"SearchAction","target":{"@type":"EntryPoint","urlTemplate":"https:\/\/alexandrezouari.fr\/?s={search_term_string}"},"query-input":{"@type":"PropertyValueSpecification","valueRequired":true,"valueName":"search_term_string"}}],"inLanguage":"en-US"},{"@type":["Person","Organization"],"@id":"https:\/\/alexandrezouari.fr\/#\/schema\/person\/b3fb58bfae08dade54f7730e9ad05a76","name":"Alexandre Zouari","image":{"@type":"ImageObject","inLanguage":"en-US","@id":"https:\/\/alexandrezouari.fr\/wp-content\/uploads\/2024\/05\/AZ-Logo.jpg","url":"https:\/\/alexandrezouari.fr\/wp-content\/uploads\/2024\/05\/AZ-Logo.jpg","contentUrl":"https:\/\/alexandrezouari.fr\/wp-content\/uploads\/2024\/05\/AZ-Logo.jpg","width":1359,"height":413,"caption":"Alexandre Zouari"},"logo":{"@id":"https:\/\/alexandrezouari.fr\/wp-content\/uploads\/2024\/05\/AZ-Logo.jpg"},"sameAs":["https:\/\/alexandrezouari.fr","https:\/\/www.facebook.com\/p\/Alexandre-Zouari-100081828037377\/","https:\/\/www.instagram.com\/zouarialexandre\/"]}]}},"_links":{"self":[{"href":"https:\/\/alexandrezouari.fr\/en\/wp-json\/wp\/v2\/pages\/1409","targetHints":{"allow":["GET"]}}],"collection":[{"href":"https:\/\/alexandrezouari.fr\/en\/wp-json\/wp\/v2\/pages"}],"about":[{"href":"https:\/\/alexandrezouari.fr\/en\/wp-json\/wp\/v2\/types\/page"}],"author":[{"embeddable":true,"href":"https:\/\/alexandrezouari.fr\/en\/wp-json\/wp\/v2\/users\/1"}],"replies":[{"embeddable":true,"href":"https:\/\/alexandrezouari.fr\/en\/wp-json\/wp\/v2\/comments?post=1409"}],"version-history":[{"count":113,"href":"https:\/\/alexandrezouari.fr\/en\/wp-json\/wp\/v2\/pages\/1409\/revisions"}],"predecessor-version":[{"id":3173,"href":"https:\/\/alexandrezouari.fr\/en\/wp-json\/wp\/v2\/pages\/1409\/revisions\/3173"}],"wp:attachment":[{"href":"https:\/\/alexandrezouari.fr\/en\/wp-json\/wp\/v2\/media?parent=1409"}],"curies":[{"name":"wp","href":"https:\/\/api.w.org\/{rel}","templated":true}]}}